{"id":458,"date":"2016-05-13T12:02:25","date_gmt":"2016-05-13T10:02:25","guid":{"rendered":"http:\/\/promotionsociale.org\/gips2015\/?page_id=458"},"modified":"2016-05-13T12:58:13","modified_gmt":"2016-05-13T10:58:13","slug":"acquis-dapprentissages","status":"publish","type":"page","link":"http:\/\/promotionsociale.org\/gips2015\/acquis-dapprentissages\/","title":{"rendered":"Acquis d&#8217;apprentissages"},"content":{"rendered":"<pre style=\"text-align: left;\">Fichier vide Excel pour les Acquis d'apprentissages :\r\n<a class=\"download-link\" title=\"Version 1.0\" href=\"http:\/\/promotionsociale.org\/gips2015\/download\/460\/?tmstv=1776856284\" rel=\"nofollow\">\n\tAcquis d'apprentissages ( Excel )<\/a><\/pre>\n<pre style=\"text-align: left;\">Le fichier est \u00e0 renvoyer compl\u00e9t\u00e9 sur mon adresse mail<\/pre>\n<pre style=\"text-align: left;\">Vous devez \u00e9galement m'envoyer votre base de donn\u00e9es :\r\n   Si vous avez encod\u00e9 en 2015-2016\u00a0 le fichier :<strong> w:\\ec152016.mdb\u00a0<\/strong>\r\n   Si vous avez encod\u00e9 en 2016-2017\u00a0 le fichier : <strong>w:\\ec162017.mdb\r\n<\/strong>de pr\u00e9f\u00e9rence envoyer les fichiers compress\u00e9s (zip, rar, 7za, etc...)<\/pre>\n<pre style=\"text-align: left;\">Sur mon adresse mail : <a href=\"mailto:ph.pierard@skynet.be\">ph.pierard@skynet.be<\/a><\/pre>\n<p style=\"text-align: center;\">R\u00e9sultat de votre encodage :<\/p>\n<p style=\"text-align: left;\"><iframe src=\"\/\/docs.google.com\/viewer?url=http%3A%2F%2Fpromotionsociale.org%2Fgips%2Fupdate%2FAcquis.pdf&hl=fr&embedded=true\" class=\"gde-frame\" style=\"width:100%; height:815px; border: none;\" scrolling=\"no\"><\/iframe>\n<br \/>\n[T\u00e9l\u00e9chargement introuvable]<\/p>\n","protected":false},"excerpt":{"rendered":"<p>Fichier vide Excel pour les Acquis d&#8217;apprentissages : Le fichier est \u00e0 renvoyer compl\u00e9t\u00e9 sur mon adresse mail Vous devez \u00e9galement m&#8217;envoyer votre base de donn\u00e9es : Si vous avez encod\u00e9 en 2015-2016\u00a0 le fichier : w:\\ec152016.mdb\u00a0 Si vous avez &hellip; <a href=\"http:\/\/promotionsociale.org\/gips2015\/acquis-dapprentissages\/\">Continuer la lecture <span class=\"meta-nav\">&rarr;<\/span><\/a><\/p>\n","protected":false},"author":3,"featured_media":0,"parent":0,"menu_order":0,"comment_status":"closed","ping_status":"closed","template":"sidebar-page.php","meta":{"jetpack_post_was_ever_published":false},"jetpack_sharing_enabled":true,"jetpack_shortlink":"https:\/\/wp.me\/P67G42-7o","jetpack-related-posts":[{"id":954,"url":"http:\/\/promotionsociale.org\/gips2015\/2018-2019\/","url_meta":{"origin":458,"position":0},"title":"2018 &#8211; 2019","author":"Philippe Pierard","date":"23 avril 2018","format":false,"excerpt":"Mises \u00e0 jour des Applications V\u00e9rifiez si vous \u00eates bien en possession de la derni\u00e8re version de vos applications.Si ce n\u2019est pas le cas , 2 possibilit\u00e9s s\u2019offrent \u00e0 vous : La mise \u00e0 jour automatique via GIPS - Update 2018-2019 La mise \u00e0 jour manuelle : T\u00e9l\u00e9charger le nouveau\u2026","rel":"","context":"Article similaire","block_context":{"text":"Article similaire","link":""},"img":{"alt_text":"","src":"","width":0,"height":0},"classes":[]},{"id":1236,"url":"http:\/\/promotionsociale.org\/gips2015\/2019-2020\/","url_meta":{"origin":458,"position":1},"title":"2019 &#8211; 2020","author":"Philippe Pierard","date":"26 avril 2019","format":false,"excerpt":"Mises \u00e0 jour des Applications V\u00e9rifiez si vous \u00eates bien en possession de la derni\u00e8re version de vos applications.Si ce n\u2019est pas le cas , 2 possibilit\u00e9s s\u2019offrent \u00e0 vous : La mise \u00e0 jour automatique via GIPS - Update 2019-2020 La mise \u00e0 jour manuelle : T\u00e9l\u00e9charger le nouveau\u2026","rel":"","context":"Article similaire","block_context":{"text":"Article similaire","link":""},"img":{"alt_text":"","src":"","width":0,"height":0},"classes":[]},{"id":1448,"url":"http:\/\/promotionsociale.org\/gips2015\/2020-2021\/","url_meta":{"origin":458,"position":2},"title":"2020 &#8211; 2021","author":"Philippe Pierard","date":"22 avril 2020","format":false,"excerpt":"Mises \u00e0 jour des Applications V\u00e9rifiez si vous \u00eates bien en possession de la derni\u00e8re version de vos applications.Si ce n\u2019est pas le cas , 2 possibilit\u00e9s s\u2019offrent \u00e0 vous : La mise \u00e0 jour automatique via GIPS - Update 2020-2021 La mise \u00e0 jour manuelle : T\u00e9l\u00e9charger le nouveau\u2026","rel":"","context":"Article similaire","block_context":{"text":"Article similaire","link":""},"img":{"alt_text":"","src":"","width":0,"height":0},"classes":[]},{"id":1568,"url":"http:\/\/promotionsociale.org\/gips2015\/2021-2022\/","url_meta":{"origin":458,"position":3},"title":"2021 &#8211; 2022","author":"Philippe Pierard","date":"22 avril 2021","format":false,"excerpt":"Mises \u00e0 jour des Applications V\u00e9rifiez si vous \u00eates bien en possession de la derni\u00e8re version de vos applications.Si ce n\u2019est pas le cas , 2 possibilit\u00e9s s\u2019offrent \u00e0 vous : La mise \u00e0 jour automatique via GIPS - Update 2021-2022 La mise \u00e0 jour manuelle : T\u00e9l\u00e9charger le nouveau\u2026","rel":"","context":"Article similaire","block_context":{"text":"Article similaire","link":""},"img":{"alt_text":"","src":"","width":0,"height":0},"classes":[]},{"id":210,"url":"http:\/\/promotionsociale.org\/gips2015\/2015-2016\/","url_meta":{"origin":458,"position":4},"title":"2015 &#8211; 2016","author":"Philippe Pierard","date":"22 avril 2015","format":false,"excerpt":"Mises \u00e0 jour des Applications V\u00e9rifiez si vous \u00eates bien en possession de la derni\u00e8re version de vos applications. Si ce n\u2019est pas le cas ; 2 possibilit\u00e9s s\u2019offrent \u00e0 vous : Mise \u00e0 jour automatique via GIPS Update Mise \u00e0 jour manuelle : T\u00e9l\u00e9charger le nouveau fichier L\u2019ex\u00e9cuter Indiquer\u2026","rel":"","context":"Article similaire","block_context":{"text":"Article similaire","link":""},"img":{"alt_text":"","src":"","width":0,"height":0},"classes":[]},{"id":684,"url":"http:\/\/promotionsociale.org\/gips2015\/2017-2018\/","url_meta":{"origin":458,"position":5},"title":"2017 &#8211; 2018","author":"Philippe Pierard","date":"25 avril 2017","format":false,"excerpt":"Mises \u00e0 jour des Applications V\u00e9rifiez si vous \u00eates bien en possession de la derni\u00e8re version de vos applications. Si ce n\u2019est pas le cas ; 2 possibilit\u00e9s s\u2019offrent \u00e0 vous : Mise \u00e0 jour automatique via GIPS - Update 2017-2018 Mise \u00e0 jour manuelle : T\u00e9l\u00e9charger le nouveau fichier\u2026","rel":"","context":"Article similaire","block_context":{"text":"Article similaire","link":""},"img":{"alt_text":"","src":"","width":0,"height":0},"classes":[]}],"_links":{"self":[{"href":"http:\/\/promotionsociale.org\/gips2015\/wp-json\/wp\/v2\/pages\/458"}],"collection":[{"href":"http:\/\/promotionsociale.org\/gips2015\/wp-json\/wp\/v2\/pages"}],"about":[{"href":"http:\/\/promotionsociale.org\/gips2015\/wp-json\/wp\/v2\/types\/page"}],"author":[{"embeddable":true,"href":"http:\/\/promotionsociale.org\/gips2015\/wp-json\/wp\/v2\/users\/3"}],"replies":[{"embeddable":true,"href":"http:\/\/promotionsociale.org\/gips2015\/wp-json\/wp\/v2\/comments?post=458"}],"version-history":[{"count":15,"href":"http:\/\/promotionsociale.org\/gips2015\/wp-json\/wp\/v2\/pages\/458\/revisions"}],"predecessor-version":[{"id":480,"href":"http:\/\/promotionsociale.org\/gips2015\/wp-json\/wp\/v2\/pages\/458\/revisions\/480"}],"wp:attachment":[{"href":"http:\/\/promotionsociale.org\/gips2015\/wp-json\/wp\/v2\/media?parent=458"}],"curies":[{"name":"wp","href":"https:\/\/api.w.org\/{rel}","templated":true}]}}