{"id":285,"date":"2015-04-30T12:22:00","date_gmt":"2015-04-30T10:22:00","guid":{"rendered":"http:\/\/promotionsociale.org\/gips2015\/?page_id=285"},"modified":"2019-05-10T16:43:56","modified_gmt":"2019-05-10T14:43:56","slug":"dernier-pv-du-comite-de-suivi-du-logiciel","status":"publish","type":"page","link":"http:\/\/promotionsociale.org\/gips2015\/dernier-pv-du-comite-de-suivi-du-logiciel\/","title":{"rendered":"Dernier PV&#8230;"},"content":{"rendered":"<iframe src=\"\/\/docs.google.com\/viewer?url=http%3A%2F%2Fpromotionsociale.org%2Fgips%2Fupdate%2Fpv.pdf&hl=fr&embedded=true\" class=\"gde-frame\" style=\"width:100%; height:815px; border: none;\" scrolling=\"no\"><\/iframe>\n<p class=\"gde-text\"><a href=\"http:\/\/promotionsociale.org\/gips\/update\/pv.pdf\" class=\"gde-link\" onClick=\"_gaq.push(['_trackEvent', 'Google Doc Embedder', 'T\u00e9l\u00e9charger', 'pv.pdf']);\">T\u00e9l\u00e9charger (PDF, 136KB)<\/a><\/p>\n","protected":false},"excerpt":{"rendered":"","protected":false},"author":3,"featured_media":0,"parent":0,"menu_order":0,"comment_status":"open","ping_status":"open","template":"sidebar-page.php","meta":{"jetpack_post_was_ever_published":false},"jetpack_sharing_enabled":true,"jetpack_shortlink":"https:\/\/wp.me\/P67G42-4B","jetpack-related-posts":[{"id":36,"url":"http:\/\/promotionsociale.org\/gips2015\/documentations\/","url_meta":{"origin":285,"position":0},"title":"Documentations","author":"Philippe Pierard","date":"13 mars 2015","format":false,"excerpt":"Manuel de l'Application Mise \u00e0 jour Gips 2021-2022 Installation du certificat de l'etnic Dernier PV du Comit\u00e9 de suivi du Logiciel","rel":"","context":"Article similaire","block_context":{"text":"Article similaire","link":""},"img":{"alt_text":"","src":"","width":0,"height":0},"classes":[]},{"id":1688,"url":"http:\/\/promotionsociale.org\/gips2015\/2022-2023\/","url_meta":{"origin":285,"position":1},"title":"2022 &#8211; 2023","author":"joctan","date":"25 avril 2022","format":false,"excerpt":"Mises \u00e0 jour des Applications V\u00e9rifiez que vous \u00eates bien en possession de la derni\u00e8re version de vos applications (Vous trouverez ceux-ci en bas de l'\u00e9cran principale de chaque applications). Si ce n\u2019est pas le cas, faites la mise \u00e0 jour avec le GIPS Update 2022-2023.exe Attention ! Si ce\u2026","rel":"","context":"Article similaire","block_context":{"text":"Article similaire","link":""},"img":{"alt_text":"","src":"","width":0,"height":0},"classes":[]},{"id":954,"url":"http:\/\/promotionsociale.org\/gips2015\/2018-2019\/","url_meta":{"origin":285,"position":2},"title":"2018 &#8211; 2019","author":"Philippe Pierard","date":"23 avril 2018","format":false,"excerpt":"Mises \u00e0 jour des Applications V\u00e9rifiez si vous \u00eates bien en possession de la derni\u00e8re version de vos applications.Si ce n\u2019est pas le cas , 2 possibilit\u00e9s s\u2019offrent \u00e0 vous : La mise \u00e0 jour automatique via GIPS - Update 2018-2019 La mise \u00e0 jour manuelle : T\u00e9l\u00e9charger le nouveau\u2026","rel":"","context":"Article similaire","block_context":{"text":"Article similaire","link":""},"img":{"alt_text":"","src":"","width":0,"height":0},"classes":[]},{"id":1236,"url":"http:\/\/promotionsociale.org\/gips2015\/2019-2020\/","url_meta":{"origin":285,"position":3},"title":"2019 &#8211; 2020","author":"Philippe Pierard","date":"26 avril 2019","format":false,"excerpt":"Mises \u00e0 jour des Applications V\u00e9rifiez si vous \u00eates bien en possession de la derni\u00e8re version de vos applications.Si ce n\u2019est pas le cas , 2 possibilit\u00e9s s\u2019offrent \u00e0 vous : La mise \u00e0 jour automatique via GIPS - Update 2019-2020 La mise \u00e0 jour manuelle : T\u00e9l\u00e9charger le nouveau\u2026","rel":"","context":"Article similaire","block_context":{"text":"Article similaire","link":""},"img":{"alt_text":"","src":"","width":0,"height":0},"classes":[]},{"id":1448,"url":"http:\/\/promotionsociale.org\/gips2015\/2020-2021\/","url_meta":{"origin":285,"position":4},"title":"2020 &#8211; 2021","author":"Philippe Pierard","date":"22 avril 2020","format":false,"excerpt":"Mises \u00e0 jour des Applications V\u00e9rifiez si vous \u00eates bien en possession de la derni\u00e8re version de vos applications.Si ce n\u2019est pas le cas , 2 possibilit\u00e9s s\u2019offrent \u00e0 vous : La mise \u00e0 jour automatique via GIPS - Update 2020-2021 La mise \u00e0 jour manuelle : T\u00e9l\u00e9charger le nouveau\u2026","rel":"","context":"Article similaire","block_context":{"text":"Article similaire","link":""},"img":{"alt_text":"","src":"","width":0,"height":0},"classes":[]},{"id":1568,"url":"http:\/\/promotionsociale.org\/gips2015\/2021-2022\/","url_meta":{"origin":285,"position":5},"title":"2021 &#8211; 2022","author":"Philippe Pierard","date":"22 avril 2021","format":false,"excerpt":"Mises \u00e0 jour des Applications V\u00e9rifiez si vous \u00eates bien en possession de la derni\u00e8re version de vos applications.Si ce n\u2019est pas le cas , 2 possibilit\u00e9s s\u2019offrent \u00e0 vous : La mise \u00e0 jour automatique via GIPS - Update 2021-2022 La mise \u00e0 jour manuelle : T\u00e9l\u00e9charger le nouveau\u2026","rel":"","context":"Article similaire","block_context":{"text":"Article similaire","link":""},"img":{"alt_text":"","src":"","width":0,"height":0},"classes":[]}],"_links":{"self":[{"href":"http:\/\/promotionsociale.org\/gips2015\/wp-json\/wp\/v2\/pages\/285"}],"collection":[{"href":"http:\/\/promotionsociale.org\/gips2015\/wp-json\/wp\/v2\/pages"}],"about":[{"href":"http:\/\/promotionsociale.org\/gips2015\/wp-json\/wp\/v2\/types\/page"}],"author":[{"embeddable":true,"href":"http:\/\/promotionsociale.org\/gips2015\/wp-json\/wp\/v2\/users\/3"}],"replies":[{"embeddable":true,"href":"http:\/\/promotionsociale.org\/gips2015\/wp-json\/wp\/v2\/comments?post=285"}],"version-history":[{"count":4,"href":"http:\/\/promotionsociale.org\/gips2015\/wp-json\/wp\/v2\/pages\/285\/revisions"}],"predecessor-version":[{"id":1314,"href":"http:\/\/promotionsociale.org\/gips2015\/wp-json\/wp\/v2\/pages\/285\/revisions\/1314"}],"wp:attachment":[{"href":"http:\/\/promotionsociale.org\/gips2015\/wp-json\/wp\/v2\/media?parent=285"}],"curies":[{"name":"wp","href":"https:\/\/api.w.org\/{rel}","templated":true}]}}