{"id":279,"date":"2015-04-30T12:14:55","date_gmt":"2015-04-30T10:14:55","guid":{"rendered":"http:\/\/promotionsociale.org\/gips2015\/?page_id=279"},"modified":"2015-09-25T10:46:41","modified_gmt":"2015-09-25T08:46:41","slug":"mise-a-jour-gips-2015-2016","status":"publish","type":"page","link":"http:\/\/promotionsociale.org\/gips2015\/mise-a-jour-gips-2015-2016\/","title":{"rendered":"Mise \u00e0 jour Gips 2015-2016"},"content":{"rendered":"<iframe src=\"\/\/docs.google.com\/viewer?url=http%3A%2F%2Fpromotionsociale.org%2Fgips%2Fupdate%2Fmaj1516.pdf&hl=fr&embedded=true\" class=\"gde-frame\" style=\"width:100%; height:815px; border: none;\" scrolling=\"no\"><\/iframe>\n<p class=\"gde-text\"><a href=\"http:\/\/promotionsociale.org\/gips\/update\/maj1516.pdf\" class=\"gde-link\" onClick=\"_gaq.push(['_trackEvent', 'Google Doc Embedder', 'T\u00e9l\u00e9charger', 'maj1516.pdf']);\">T\u00e9l\u00e9charger (PDF, 304KB)<\/a><\/p>\n","protected":false},"excerpt":{"rendered":"","protected":false},"author":3,"featured_media":0,"parent":0,"menu_order":0,"comment_status":"open","ping_status":"open","template":"sidebar-page.php","meta":{"jetpack_post_was_ever_published":false},"jetpack_sharing_enabled":true,"jetpack_shortlink":"https:\/\/wp.me\/P67G42-4v","jetpack-related-posts":[{"id":210,"url":"http:\/\/promotionsociale.org\/gips2015\/2015-2016\/","url_meta":{"origin":279,"position":0},"title":"2015 &#8211; 2016","author":"Philippe Pierard","date":"22 avril 2015","format":false,"excerpt":"Mises \u00e0 jour des Applications V\u00e9rifiez si vous \u00eates bien en possession de la derni\u00e8re version de vos applications. Si ce n\u2019est pas le cas ; 2 possibilit\u00e9s s\u2019offrent \u00e0 vous : Mise \u00e0 jour automatique via GIPS Update Mise \u00e0 jour manuelle : T\u00e9l\u00e9charger le nouveau fichier L\u2019ex\u00e9cuter Indiquer\u2026","rel":"","context":"Article similaire","block_context":{"text":"Article similaire","link":""},"img":{"alt_text":"","src":"","width":0,"height":0},"classes":[]},{"id":202,"url":"http:\/\/promotionsociale.org\/gips2015\/initialisation-de-2015-2016\/","url_meta":{"origin":279,"position":1},"title":"Initialisation de 2015-2016","author":"Philippe Pierard","date":"22 avril 2015","format":false,"excerpt":"Les explications\u00a0 :\u00a0\u00a0 Mise \u00e0 jour Gips 2015-2016 \u21d2 Attention sur le lecteur W:\\ \u21d2 Attention sur le lecteur C:\\ V\u00e9rifier si vous avez bien ces mises \u00e0 jour :","rel":"","context":"Article similaire","block_context":{"text":"Article similaire","link":""},"img":{"alt_text":"","src":"","width":0,"height":0},"classes":[]},{"id":281,"url":"http:\/\/promotionsociale.org\/gips2015\/mise-a-jour-gips-2014-2015\/","url_meta":{"origin":279,"position":2},"title":"Mise \u00e0 jour Gips 2014-2015","author":"Philippe Pierard","date":"30 avril 2015","format":false,"excerpt":"","rel":"","context":"Article similaire","block_context":{"text":"Article similaire","link":""},"img":{"alt_text":"","src":"","width":0,"height":0},"classes":[]},{"id":424,"url":"http:\/\/promotionsociale.org\/gips2015\/2016-2017\/","url_meta":{"origin":279,"position":3},"title":"2016 &#8211; 2017","author":"Philippe Pierard","date":"21 avril 2016","format":false,"excerpt":"Mises \u00e0 jour des Applications V\u00e9rifiez si vous \u00eates bien en possession de la derni\u00e8re version de vos applications. Si ce n\u2019est pas le cas ; 2 possibilit\u00e9s s\u2019offrent \u00e0 vous : Mise \u00e0 jour automatique via GIPS - Update 2016-2017 Mise \u00e0 jour manuelle : T\u00e9l\u00e9charger le nouveau fichier\u2026","rel":"","context":"Article similaire","block_context":{"text":"Article similaire","link":""},"img":{"alt_text":"","src":"","width":0,"height":0},"classes":[]},{"id":12,"url":"http:\/\/promotionsociale.org\/gips2015\/2014-2015\/","url_meta":{"origin":279,"position":4},"title":"2014 &#8211; 2015","author":"Philippe Pierard","date":"13 mars 2015","format":false,"excerpt":"Mises \u00e0 jour des Applications V\u00e9rifiez si vous \u00eates bien en possession de la derni\u00e8re version de vos applications. Si ce n\u2019est pas le cas ; 2 possibilit\u00e9s s\u2019offrent \u00e0 vous : Mise \u00e0 jour automatique via GIPS Update Mise \u00e0 jour manuelle : T\u00e9l\u00e9charger le nouveau fichier L\u2019ex\u00e9cuter Indiquer\u2026","rel":"","context":"Article similaire","block_context":{"text":"Article similaire","link":""},"img":{"alt_text":"","src":"","width":0,"height":0},"classes":[]},{"id":60,"url":"http:\/\/promotionsociale.org\/gips2015\/initialisation-de-2014-2015\/","url_meta":{"origin":279,"position":5},"title":"Initialisation de 2014-2015","author":"Philippe Pierard","date":"13 mars 2015","format":false,"excerpt":"Les explications\u00a0\u00a0 :\u00a0 Mise \u00e0 jour Gips 2014-2015 \u00a0 \u21d2 Attention sur le lecteur W:\\ \u00a0\u00a0\u21d2 Attention sur le lecteur C:\\ V\u00e9rifier si vous avez bien ces mises \u00e0 jour :","rel":"","context":"Article similaire","block_context":{"text":"Article similaire","link":""},"img":{"alt_text":"","src":"","width":0,"height":0},"classes":[]}],"_links":{"self":[{"href":"http:\/\/promotionsociale.org\/gips2015\/wp-json\/wp\/v2\/pages\/279"}],"collection":[{"href":"http:\/\/promotionsociale.org\/gips2015\/wp-json\/wp\/v2\/pages"}],"about":[{"href":"http:\/\/promotionsociale.org\/gips2015\/wp-json\/wp\/v2\/types\/page"}],"author":[{"embeddable":true,"href":"http:\/\/promotionsociale.org\/gips2015\/wp-json\/wp\/v2\/users\/3"}],"replies":[{"embeddable":true,"href":"http:\/\/promotionsociale.org\/gips2015\/wp-json\/wp\/v2\/comments?post=279"}],"version-history":[{"count":3,"href":"http:\/\/promotionsociale.org\/gips2015\/wp-json\/wp\/v2\/pages\/279\/revisions"}],"predecessor-version":[{"id":347,"href":"http:\/\/promotionsociale.org\/gips2015\/wp-json\/wp\/v2\/pages\/279\/revisions\/347"}],"wp:attachment":[{"href":"http:\/\/promotionsociale.org\/gips2015\/wp-json\/wp\/v2\/media?parent=279"}],"curies":[{"name":"wp","href":"https:\/\/api.w.org\/{rel}","templated":true}]}}